{"id":675,"date":"2025-06-12T08:38:16","date_gmt":"2025-06-12T06:38:16","guid":{"rendered":"https:\/\/lbtherm.com\/en\/?page_id=423"},"modified":"2026-01-25T18:26:40","modified_gmt":"2026-01-25T17:26:40","slug":"registerkarte","status":"publish","type":"page","link":"https:\/\/lbtherm.com\/de\/registerkarte\/","title":{"rendered":"Registerkarte"},"content":{"rendered":"\n<p>F\u00fcr uns ist Zusammenarbeit eine der Grundlagen f\u00fcr langfristiges Wachstum.<\/p>\n\n\n\n<div style=\"height:10px\" aria-hidden=\"true\" class=\"wp-block-spacer\"><\/div>\n\n\n\n<p>SVon Anfang an haben wir uns auf den Aufbau von Beziehungen gest\u00fctzt, die auf Vertrauen, Professionalit\u00e4t und dem gemeinsamen Streben nach h\u00f6chsten Standards basieren.<\/p>\n\n\n\n<div style=\"height:10px\" aria-hidden=\"true\" class=\"wp-block-spacer\"><\/div>\n\n\n\n<p>Unsere Partnerschaften umfassen sowohl Rohstofflieferanten als auch Technologieunternehmen, Vertriebsh\u00e4ndler und Handelspartner. Dank dieses breiten Kooperationsnetzwerks k\u00f6nnen wir nicht nur h\u00f6chste Produktqualit\u00e4t garantieren, sondern auch flexibel auf die sich \u00e4ndernden Bed\u00fcrfnisse des Marktes und unserer Kunden reagieren.<\/p>\n\n\n\n<div style=\"height:10px\" aria-hidden=\"true\" class=\"wp-block-spacer\"><\/div>\n\n\n\n<p>Das Vertrauen, das wir jeden Tag aufbauen, spiegelt sich in der effizienten Umsetzung von Projekten, dem Zugang zu modernen Technologien und innovativen L\u00f6sungen wider. Dank unserer Partner k\u00f6nnen wir uns st\u00e4ndig weiterentwickeln und einen Mehrwert schaffen, der wirklich z\u00e4hlt.<\/p>\n\n\n\n<div style=\"height:10px\" aria-hidden=\"true\" class=\"wp-block-spacer\"><\/div>\n\n\n\n<p>Nachfolgend stellen wir Ihnen ausgew\u00e4hlte Partner vor, mit denen wir t\u00e4glich zusammenarbeiten:<\/p>\n\n\n\n<div style=\"height:50px\" aria-hidden=\"true\" class=\"wp-block-spacer\"><\/div>\n\n\n\n<div class=\"wp-block-columns is-layout-flex wp-container-core-columns-is-layout-1 wp-block-columns-is-layout-flex\">\n<div class=\"wp-block-column is-vertically-aligned-center is-layout-flow wp-block-column-is-layout-flow\">\n<figure class=\"wp-block-gallery has-nested-images columns-default is-cropped wp-block-gallery-1 is-layout-flex wp-block-gallery-is-layout-flex\">\n<figure class=\"wp-block-image size-large\"><img alt=\"\" decoding=\"async\" src=\"https:\/\/lbtherm.com\/de\/wp-content\/uploads\/sites\/4\/2025\/06\/JACKON_by_BEWI_Purple_RGB.jpg\" alt=\"\" class=\"wp-image-433\"\/><\/figure>\n<\/figure>\n<\/div>\n\n\n\n<div class=\"wp-block-column is-vertically-aligned-center is-layout-flow wp-block-column-is-layout-flow\">\n<figure class=\"wp-block-gallery has-nested-images columns-default is-cropped wp-block-gallery-2 is-layout-flex wp-block-gallery-is-layout-flex\">\n<figure class=\"wp-block-image size-large\"><img alt=\"\" decoding=\"async\" src=\"https:\/\/lbtherm.com\/de\/wp-content\/uploads\/sites\/4\/2025\/06\/Greenlam.jpg\" alt=\"\" class=\"wp-image-430\"\/><\/figure>\n<\/figure>\n<\/div>\n\n\n\n<div class=\"wp-block-column is-vertically-aligned-center is-layout-flow wp-block-column-is-layout-flow\">\n<figure class=\"wp-block-gallery has-nested-images columns-default is-cropped wp-block-gallery-3 is-layout-flex wp-block-gallery-is-layout-flex\">\n<figure class=\"wp-block-image size-large\"><img alt=\"\" decoding=\"async\" src=\"https:\/\/lbtherm.com\/de\/wp-content\/uploads\/sites\/4\/2025\/06\/greenlam_clad.jpg\" alt=\"\" class=\"wp-image-431\"\/><\/figure>\n<\/figure>\n<\/div>\n\n\n\n<div class=\"wp-block-column is-vertically-aligned-center is-layout-flow wp-block-column-is-layout-flow\">\n<figure class=\"wp-block-gallery has-nested-images columns-default is-cropped wp-block-gallery-4 is-layout-flex wp-block-gallery-is-layout-flex\">\n<figure class=\"wp-block-image size-large\"><img alt=\"\" decoding=\"async\" src=\"https:\/\/lbtherm.com\/de\/wp-content\/uploads\/sites\/4\/2025\/06\/logo_compact_laminate.png\" alt=\"\" class=\"wp-image-434\"\/><\/figure>\n<\/figure>\n<\/div>\n\n\n\n<div class=\"wp-block-column is-layout-flow wp-block-column-is-layout-flow\"><\/div>\n<\/div>\n\n\n\n<div style=\"height:30px\" aria-hidden=\"true\" class=\"wp-block-spacer\"><\/div>\n\n\n\n<div class=\"wp-block-columns is-layout-flex wp-container-core-columns-is-layout-2 wp-block-columns-is-layout-flex\">\n<div class=\"wp-block-column is-vertically-aligned-center is-layout-flow wp-block-column-is-layout-flow\">\n<figure class=\"wp-block-gallery has-nested-images columns-default is-cropped wp-block-gallery-5 is-layout-flex wp-block-gallery-is-layout-flex\">\n<figure class=\"wp-block-image size-large\"><img alt=\"\" decoding=\"async\" src=\"https:\/\/lbtherm.com\/de\/wp-content\/uploads\/sites\/4\/2025\/06\/A_PLAN_JPG_FORMAT_dns.jpg\" alt=\"\" class=\"wp-image-429\"\/><\/figure>\n<\/figure>\n<\/div>\n\n\n\n<div class=\"wp-block-column is-vertically-aligned-center is-layout-flow wp-block-column-is-layout-flow\">\n<figure class=\"wp-block-gallery has-nested-images columns-default is-cropped wp-block-gallery-6 is-layout-flex wp-block-gallery-is-layout-flex\">\n<figure class=\"wp-block-image size-large\"><img alt=\"\" decoding=\"async\" src=\"https:\/\/lbtherm.com\/de\/wp-content\/uploads\/sites\/4\/2025\/06\/logo_Ongropack.png\" alt=\"\" class=\"wp-image-428\"\/><\/figure>\n<\/figure>\n<\/div>\n\n\n\n<div class=\"wp-block-column is-vertically-aligned-center is-layout-flow wp-block-column-is-layout-flow\">\n<figure class=\"wp-block-gallery has-nested-images columns-default is-cropped wp-block-gallery-7 is-layout-flex wp-block-gallery-is-layout-flex\">\n<figure class=\"wp-block-image size-large\"><img alt=\"\" decoding=\"async\" src=\"https:\/\/lbtherm.com\/de\/wp-content\/uploads\/sites\/4\/2025\/06\/STREAMSOFT_LOGOTYP_RGB_KOLOR_POLE-OCHRONNE.jpg\" alt=\"\" class=\"wp-image-439\"\/><\/figure>\n<\/figure>\n<\/div>\n\n\n\n<div class=\"wp-block-column is-vertically-aligned-center is-layout-flow wp-block-column-is-layout-flow\">\n<figure class=\"wp-block-gallery has-nested-images columns-default is-cropped wp-block-gallery-8 is-layout-flex wp-block-gallery-is-layout-flex\">\n<figure class=\"wp-block-image size-large\"><img alt=\"\" loading=\"lazy\" decoding=\"async\" width=\"460\" height=\"97\" src=\"https:\/\/lbtherm.com\/de\/wp-content\/uploads\/sites\/4\/2025\/07\/lumatech.png\" alt=\"\" class=\"wp-image-497\" srcset=\"https:\/\/lbtherm.com\/de\/wp-content\/uploads\/sites\/4\/2025\/07\/lumatech.png 460w, https:\/\/lbtherm.com\/de\/wp-content\/uploads\/sites\/4\/2025\/07\/lumatech-300x63.png 300w\" sizes=\"auto, (max-width: 460px) 100vw, 460px\" \/><\/figure>\n<\/figure>\n<\/div>\n\n\n\n<div class=\"wp-block-column is-layout-flow wp-block-column-is-layout-flow\"><\/div>\n<\/div>\n\n\n\n<p><\/p>\n","protected":false},"excerpt":{"rendered":"<p>F\u00fcr uns ist Zusammenarbeit eine der Grundlagen f\u00fcr langfristiges Wachstum. SVon Anfang an haben wir uns auf den Aufbau von Beziehungen gest\u00fctzt, die auf Vertrauen, Professionalit\u00e4t und dem gemeinsamen Streben nach h\u00f6chsten Standards basieren. Unsere Partnerschaften umfassen sowohl Rohstofflieferanten als auch Technologieunternehmen, Vertriebsh\u00e4ndler und Handelspartner. Dank dieses breiten Kooperationsnetzwerks k\u00f6nnen wir nicht nur h\u00f6chste Produktqualit\u00e4t [&hellip;]<\/p>\n","protected":false},"author":1,"featured_media":0,"parent":0,"menu_order":0,"comment_status":"closed","ping_status":"closed","template":"","meta":{"_acf_changed":false,"_seopress_robots_primary_cat":"","_seopress_titles_title":"","_seopress_titles_desc":"","_seopress_robots_index":"","inline_featured_image":false,"footnotes":""},"class_list":["post-675","page","type-page","status-publish","hentry"],"acf":[],"_links":{"self":[{"href":"https:\/\/lbtherm.com\/de\/wp-json\/wp\/v2\/pages\/675","targetHints":{"allow":["GET"]}}],"collection":[{"href":"https:\/\/lbtherm.com\/de\/wp-json\/wp\/v2\/pages"}],"about":[{"href":"https:\/\/lbtherm.com\/de\/wp-json\/wp\/v2\/types\/page"}],"author":[{"embeddable":true,"href":"https:\/\/lbtherm.com\/de\/wp-json\/wp\/v2\/users\/1"}],"replies":[{"embeddable":true,"href":"https:\/\/lbtherm.com\/de\/wp-json\/wp\/v2\/comments?post=675"}],"version-history":[{"count":2,"href":"https:\/\/lbtherm.com\/de\/wp-json\/wp\/v2\/pages\/675\/revisions"}],"predecessor-version":[{"id":773,"href":"https:\/\/lbtherm.com\/de\/wp-json\/wp\/v2\/pages\/675\/revisions\/773"}],"wp:attachment":[{"href":"https:\/\/lbtherm.com\/de\/wp-json\/wp\/v2\/media?parent=675"}],"curies":[{"name":"wp","href":"https:\/\/api.w.org\/{rel}","templated":true}]}}