{"id":353,"date":"2025-04-14T19:37:59","date_gmt":"2025-04-14T17:37:59","guid":{"rendered":"http:\/\/localhost:8888\/?page_id=86"},"modified":"2025-07-03T12:28:42","modified_gmt":"2025-07-03T10:28:42","slug":"kariera","status":"publish","type":"page","link":"https:\/\/lbtherm.com\/pl\/kariera\/","title":{"rendered":"Kariera"},"content":{"rendered":"\n<p><strong>Szukasz miejsca, w kt\u00f3rym mo\u017cesz si\u0119 rozwija\u0107 i czu\u0107 pewnie? Dobrze trafi\u0142e\u015b!<\/strong><\/p>\n\n\n\n<div style=\"height:20px\" aria-hidden=\"true\" class=\"wp-block-spacer\"><\/div>\n\n\n\n<p>W LB THERM tworzymy nowoczesn\u0105 firm\u0119, w kt\u00f3rej licz\u0105 si\u0119 ludzie, dobra atmosfera i wsp\u00f3lny cel. \u0141\u0105czymy r\u00f3\u017cne dzia\u0142y \u2013 produkcj\u0119, biuro, sprzeda\u017c \u2013 w jeden zgrany zesp\u00f3\u0142, kt\u00f3ry ka\u017cdego dnia pracuje nad czym\u015b konkretnym i jako\u015bciowym.<\/p>\n\n\n\n<div style=\"height:20px\" aria-hidden=\"true\" class=\"wp-block-spacer\"><\/div>\n\n\n\n<p><strong>Dlaczego warto z nami pracowa\u0107?<\/strong><\/p>\n\n\n\n<div style=\"height:20px\" aria-hidden=\"true\" class=\"wp-block-spacer\"><\/div>\n\n\n\n<ul class=\"wp-block-list\">\n<li>Umowa o prac\u0119 \u2013 stabilnie i przejrzy\u015bcie<\/li>\n\n\n\n<li>Opieka zdrowotna finansowana przez pracodawc\u0119<\/li>\n\n\n\n<li>Ubezpieczenie na \u017cycie<\/li>\n\n\n\n<li>Premie finansowe uzale\u017cnione od wynik\u00f3w<\/li>\n\n\n\n<li>Mo\u017cliwo\u015b\u0107 realnego rozwoju &#8211; finansujemy szkolenia, kursy i studia<\/li>\n\n\n\n<li>Bezp\u0142atny parking<\/li>\n<\/ul>\n\n\n\n<div style=\"height:20px\" aria-hidden=\"true\" class=\"wp-block-spacer\"><\/div>\n\n\n\n<p>Je\u015bli cenisz sobie dobr\u0105 atmosfer\u0119, przejrzyste zasady i chcesz by\u0107 cz\u0119\u015bci\u0105 rozwijaj\u0105cej si\u0119 firmy \u2013 <strong>LB THERM to miejsce dla Ciebie.<\/strong><\/p>\n\n\n\n<div style=\"height:32px\" aria-hidden=\"true\" class=\"wp-block-spacer\"><\/div>\n\n\n\n<p>Obecnie rekrutujemy na stanowisko &#8211; <\/p>\n\n\n\n<p><a href=\"https:\/\/www.aplikuj.pl\/oferta\/2898809\/lider-zmiany-magazynowej-umowa-o-prace-lb-therm-sp-z-o-o-\" data-type=\"link\" data-id=\"https:\/\/www.aplikuj.pl\/oferta\/2898809\/lider-zmiany-magazynowej-umowa-o-prace-lb-therm-sp-z-o-o-\"><strong>Lider zmiany magazynowej<\/strong><\/a><\/p>\n\n\n\n<p><a href=\"https:\/\/www.aplikuj.pl\/oferta\/2898808\/lider-zmiany-produkcyjnej-umowa-o-prace-lb-therm-sp-z-o-o-\"><strong>Lider zmiany produkcyjnej<\/strong><\/a><\/p>\n\n\n\n\n\n<p>Wy\u015blij CV na aders: <strong>rekrutacja@lbtherm.com<\/strong><\/p>\n\n\n\n<div style=\"height:50px\" aria-hidden=\"true\" class=\"wp-block-spacer\"><\/div>\n\n\n\n<div class=\"wp-block-columns is-layout-flex wp-container-core-columns-is-layout-1 wp-block-columns-is-layout-flex\">\n<div class=\"wp-block-column has-background is-layout-flow wp-block-column-is-layout-flow\" style=\"background-color:#052967\">\n<div style=\"height:30px\" aria-hidden=\"true\" class=\"wp-block-spacer\"><\/div>\n\n\n<div class=\"wp-block-image\">\n<figure class=\"aligncenter size-full\"><img alt=\"\" loading=\"lazy\" decoding=\"async\" width=\"60\" height=\"60\" src=\"https:\/\/lbtherm.com\/pl\/wp-content\/uploads\/sites\/3\/2025\/05\/hr-mail.png\" alt=\"\" class=\"wp-image-639\" \/><\/figure><\/div>\n\n\n<div style=\"height:10px\" aria-hidden=\"true\" class=\"wp-block-spacer\"><\/div>\n\n\n\n<p class=\"has-text-align-center\"><strong><mark style=\"background-color:#052967\" class=\"has-inline-color has-white-color\">Wy\u015blij CV<\/mark><\/strong><\/p>\n\n\n\n<div style=\"height:30px\" aria-hidden=\"true\" class=\"wp-block-spacer\"><\/div>\n<\/div>\n\n\n\n<div class=\"wp-block-column has-background is-layout-flow wp-block-column-is-layout-flow\" style=\"background-color:#052967\">\n<div style=\"height:30px\" aria-hidden=\"true\" class=\"wp-block-spacer\"><\/div>\n\n\n<div class=\"wp-block-image\">\n<figure class=\"aligncenter size-full\"><img alt=\"\" loading=\"lazy\" decoding=\"async\" width=\"60\" height=\"60\" src=\"https:\/\/lbtherm.com\/pl\/wp-content\/uploads\/sites\/3\/2025\/05\/hr-tel.png\" alt=\"\" class=\"wp-image-641\" \/><\/figure><\/div>\n\n\n<div style=\"height:10px\" aria-hidden=\"true\" class=\"wp-block-spacer\"><\/div>\n\n\n\n<p class=\"has-text-align-center\"><strong><mark style=\"background-color:#052967\" class=\"has-inline-color has-white-color\">Rozmowa telefoniczna<\/mark><\/strong><\/p>\n\n\n\n<div style=\"height:30px\" aria-hidden=\"true\" class=\"wp-block-spacer\"><\/div>\n<\/div>\n\n\n\n<div class=\"wp-block-column has-background is-layout-flow wp-block-column-is-layout-flow\" style=\"background-color:#052967\">\n<div style=\"height:30px\" aria-hidden=\"true\" class=\"wp-block-spacer\"><\/div>\n\n\n<div class=\"wp-block-image\">\n<figure class=\"aligncenter size-full\"><img alt=\"\" loading=\"lazy\" decoding=\"async\" width=\"60\" height=\"60\" src=\"https:\/\/lbtherm.com\/pl\/wp-content\/uploads\/sites\/3\/2025\/05\/hr-spotkanie.png\" alt=\"\" class=\"wp-image-640\" \/><\/figure><\/div>\n\n\n<div style=\"height:10px\" aria-hidden=\"true\" class=\"wp-block-spacer\"><\/div>\n\n\n\n<p class=\"has-text-align-center\"><strong><mark style=\"background-color:#052967\" class=\"has-inline-color has-white-color\">Spotkanie<\/mark><\/strong><\/p>\n\n\n\n<div style=\"height:30px\" aria-hidden=\"true\" class=\"wp-block-spacer\"><\/div>\n<\/div>\n\n\n\n<div class=\"wp-block-column has-background is-layout-flow wp-block-column-is-layout-flow\" style=\"background-color:#052967\">\n<div style=\"height:30px\" aria-hidden=\"true\" class=\"wp-block-spacer\"><\/div>\n\n\n<div class=\"wp-block-image\">\n<figure class=\"aligncenter size-full\"><img alt=\"\" loading=\"lazy\" decoding=\"async\" width=\"60\" height=\"60\" src=\"https:\/\/lbtherm.com\/pl\/wp-content\/uploads\/sites\/3\/2025\/05\/hr-info.png\" alt=\"\" class=\"wp-image-638\" \/><\/figure><\/div>\n\n\n<div style=\"height:10px\" aria-hidden=\"true\" class=\"wp-block-spacer\"><\/div>\n\n\n\n<p class=\"has-text-align-center\"><strong><mark style=\"background-color:#052967\" class=\"has-inline-color has-white-color\">Informacja zwrotna \/ Propozycja wsp\u00f3\u0142pracy<\/mark><\/strong><\/p>\n\n\n\n<div style=\"height:30px\" aria-hidden=\"true\" class=\"wp-block-spacer\"><\/div>\n<\/div>\n<\/div>\n","protected":false},"excerpt":{"rendered":"<p>Szukasz miejsca, w kt\u00f3rym mo\u017cesz si\u0119 rozwija\u0107 i czu\u0107 pewnie? Dobrze trafi\u0142e\u015b! W LB THERM tworzymy nowoczesn\u0105 firm\u0119, w kt\u00f3rej licz\u0105 si\u0119 ludzie, dobra atmosfera i wsp\u00f3lny cel. \u0141\u0105czymy r\u00f3\u017cne dzia\u0142y \u2013 produkcj\u0119, biuro, sprzeda\u017c \u2013 w jeden zgrany zesp\u00f3\u0142, kt\u00f3ry ka\u017cdego dnia pracuje nad czym\u015b konkretnym i jako\u015bciowym. Dlaczego warto z nami pracowa\u0107? Je\u015bli [&hellip;]<\/p>\n","protected":false},"author":1,"featured_media":0,"parent":0,"menu_order":0,"comment_status":"closed","ping_status":"closed","template":"","meta":{"_acf_changed":false,"_seopress_robots_primary_cat":"","_seopress_titles_title":"","_seopress_titles_desc":"","_seopress_robots_index":"","inline_featured_image":false,"footnotes":""},"class_list":["post-353","page","type-page","status-publish","hentry"],"acf":[],"_links":{"self":[{"href":"https:\/\/lbtherm.com\/pl\/wp-json\/wp\/v2\/pages\/353","targetHints":{"allow":["GET"]}}],"collection":[{"href":"https:\/\/lbtherm.com\/pl\/wp-json\/wp\/v2\/pages"}],"about":[{"href":"https:\/\/lbtherm.com\/pl\/wp-json\/wp\/v2\/types\/page"}],"author":[{"embeddable":true,"href":"https:\/\/lbtherm.com\/pl\/wp-json\/wp\/v2\/users\/1"}],"replies":[{"embeddable":true,"href":"https:\/\/lbtherm.com\/pl\/wp-json\/wp\/v2\/comments?post=353"}],"version-history":[{"count":15,"href":"https:\/\/lbtherm.com\/pl\/wp-json\/wp\/v2\/pages\/353\/revisions"}],"predecessor-version":[{"id":901,"href":"https:\/\/lbtherm.com\/pl\/wp-json\/wp\/v2\/pages\/353\/revisions\/901"}],"wp:attachment":[{"href":"https:\/\/lbtherm.com\/pl\/wp-json\/wp\/v2\/media?parent=353"}],"curies":[{"name":"wp","href":"https:\/\/api.w.org\/{rel}","templated":true}]}}