{"id":747,"date":"2025-06-12T08:31:37","date_gmt":"2025-06-12T06:31:37","guid":{"rendered":"https:\/\/lbtherm.com\/pl\/?page_id=747"},"modified":"2025-07-18T08:44:14","modified_gmt":"2025-07-18T06:44:14","slug":"partnerzy","status":"publish","type":"page","link":"https:\/\/lbtherm.com\/pl\/partnerzy\/","title":{"rendered":"Partnerzy"},"content":{"rendered":"\n<p>Wsp\u00f3\u0142praca to dla nas jeden z fundament\u00f3w d\u0142ugofalowego rozwoju.<\/p>\n\n\n\n<div style=\"height:10px\" aria-hidden=\"true\" class=\"wp-block-spacer\"><\/div>\n\n\n\n<p>Od pocz\u0105tku dzia\u0142alno\u015bci stawiamy na budowanie relacji opartych na zaufaniu, profesjonalizmie i wsp\u00f3lnym d\u0105\u017ceniu do najwy\u017cszych standard\u00f3w.<\/p>\n\n\n\n<div style=\"height:10px\" aria-hidden=\"true\" class=\"wp-block-spacer\"><\/div>\n\n\n\n<p>Nasze partnerstwa obejmuj\u0105 zar\u00f3wno dostawc\u00f3w surowc\u00f3w, jak i firmy technologiczne, dystrybutor\u00f3w, partner\u00f3w handlowych. Dzi\u0119ki tej szerokiej sieci wsp\u00f3\u0142pracy mo\u017cemy nie tylko gwarantowa\u0107 najwy\u017csz\u0105 jako\u015b\u0107 produkt\u00f3w, ale r\u00f3wnie\u017c elastycznie reagowa\u0107 na zmieniaj\u0105ce si\u0119 potrzeby rynku i naszych klient\u00f3w.<\/p>\n\n\n\n<div style=\"height:10px\" aria-hidden=\"true\" class=\"wp-block-spacer\"><\/div>\n\n\n\n<p>Zaufanie, kt\u00f3re budujemy ka\u017cdego dnia, przek\u0142ada si\u0119 na sprawn\u0105 realizacj\u0119 projekt\u00f3w, dost\u0119p do nowoczesnych technologii i innowacyjnych rozwi\u0105za\u0144. To w\u0142a\u015bnie dzi\u0119ki partnerom mo\u017cemy stale si\u0119 rozwija\u0107 i dostarcza\u0107 warto\u015b\u0107, kt\u00f3ra ma realne znaczenie.<\/p>\n\n\n\n<div style=\"height:10px\" aria-hidden=\"true\" class=\"wp-block-spacer\"><\/div>\n\n\n\n<p>Poni\u017cej prezentujemy wybranych partner\u00f3w, z kt\u00f3rymi mamy przyjemno\u015b\u0107 wsp\u00f3\u0142pracowa\u0107 na co dzie\u0144:<\/p>\n\n\n\n<div style=\"height:50px\" aria-hidden=\"true\" class=\"wp-block-spacer\"><\/div>\n\n\n\n<div class=\"wp-block-columns is-layout-flex wp-container-core-columns-is-layout-1 wp-block-columns-is-layout-flex\">\n<div class=\"wp-block-column is-vertically-aligned-center is-layout-flow wp-block-column-is-layout-flow\">\n<figure class=\"wp-block-gallery has-nested-images columns-default is-cropped wp-block-gallery-1 is-layout-flex wp-block-gallery-is-layout-flex\">\n<figure class=\"wp-block-image size-large\"><img alt=\"\" loading=\"lazy\" decoding=\"async\" width=\"400\" height=\"148\" src=\"https:\/\/lbtherm.com\/pl\/wp-content\/uploads\/sites\/3\/2025\/06\/JACKON_by_BEWI_Purple_RGB.jpg\" alt=\"\" class=\"wp-image-755\" srcset=\"https:\/\/lbtherm.com\/pl\/wp-content\/uploads\/sites\/3\/2025\/06\/JACKON_by_BEWI_Purple_RGB.jpg 400w, https:\/\/lbtherm.com\/pl\/wp-content\/uploads\/sites\/3\/2025\/06\/JACKON_by_BEWI_Purple_RGB-300x111.jpg 300w\" sizes=\"auto, (max-width: 400px) 100vw, 400px\" \/><\/figure>\n<\/figure>\n<\/div>\n\n\n\n<div class=\"wp-block-column is-vertically-aligned-center is-layout-flow wp-block-column-is-layout-flow\">\n<figure class=\"wp-block-gallery has-nested-images columns-default is-cropped wp-block-gallery-2 is-layout-flex wp-block-gallery-is-layout-flex\">\n<figure class=\"wp-block-image size-large\"><img alt=\"\" loading=\"lazy\" decoding=\"async\" width=\"226\" height=\"109\" src=\"https:\/\/lbtherm.com\/pl\/wp-content\/uploads\/sites\/3\/2025\/06\/Greenlam.jpg\" alt=\"\" class=\"wp-image-752\" \/><\/figure>\n<\/figure>\n<\/div>\n\n\n\n<div class=\"wp-block-column is-vertically-aligned-center is-layout-flow wp-block-column-is-layout-flow\">\n<figure class=\"wp-block-gallery has-nested-images columns-default is-cropped wp-block-gallery-3 is-layout-flex wp-block-gallery-is-layout-flex\">\n<figure class=\"wp-block-image size-large\"><img alt=\"\" loading=\"lazy\" decoding=\"async\" width=\"305\" height=\"149\" src=\"https:\/\/lbtherm.com\/pl\/wp-content\/uploads\/sites\/3\/2025\/06\/greenlam_clad.jpg\" alt=\"\" class=\"wp-image-753\" srcset=\"https:\/\/lbtherm.com\/pl\/wp-content\/uploads\/sites\/3\/2025\/06\/greenlam_clad.jpg 305w, https:\/\/lbtherm.com\/pl\/wp-content\/uploads\/sites\/3\/2025\/06\/greenlam_clad-300x147.jpg 300w\" sizes=\"auto, (max-width: 305px) 100vw, 305px\" \/><\/figure>\n<\/figure>\n<\/div>\n\n\n\n<div class=\"wp-block-column is-layout-flow wp-block-column-is-layout-flow\">\n<figure class=\"wp-block-image size-full\"><img alt=\"\" loading=\"lazy\" decoding=\"async\" width=\"400\" height=\"139\" src=\"https:\/\/lbtherm.com\/pl\/wp-content\/uploads\/sites\/3\/2025\/06\/logo_compact_laminate.png\" alt=\"\" class=\"wp-image-756\" srcset=\"https:\/\/lbtherm.com\/pl\/wp-content\/uploads\/sites\/3\/2025\/06\/logo_compact_laminate.png 400w, https:\/\/lbtherm.com\/pl\/wp-content\/uploads\/sites\/3\/2025\/06\/logo_compact_laminate-300x104.png 300w\" sizes=\"auto, (max-width: 400px) 100vw, 400px\" \/><\/figure>\n<\/div>\n\n\n\n<div class=\"wp-block-column is-layout-flow wp-block-column-is-layout-flow\"><\/div>\n<\/div>\n\n\n\n<div style=\"height:30px\" aria-hidden=\"true\" class=\"wp-block-spacer\"><\/div>\n\n\n\n<div class=\"wp-block-columns is-layout-flex wp-container-core-columns-is-layout-2 wp-block-columns-is-layout-flex\">\n<div class=\"wp-block-column is-vertically-aligned-center is-layout-flow wp-block-column-is-layout-flow\">\n<figure class=\"wp-block-gallery has-nested-images columns-default is-cropped wp-block-gallery-4 is-layout-flex wp-block-gallery-is-layout-flex\">\n<figure class=\"wp-block-image size-large\"><img alt=\"\" loading=\"lazy\" decoding=\"async\" width=\"417\" height=\"229\" src=\"https:\/\/lbtherm.com\/pl\/wp-content\/uploads\/sites\/3\/2025\/06\/A_PLAN_JPG_FORMAT_dns.jpg\" alt=\"\" class=\"wp-image-751\" srcset=\"https:\/\/lbtherm.com\/pl\/wp-content\/uploads\/sites\/3\/2025\/06\/A_PLAN_JPG_FORMAT_dns.jpg 417w, https:\/\/lbtherm.com\/pl\/wp-content\/uploads\/sites\/3\/2025\/06\/A_PLAN_JPG_FORMAT_dns-300x165.jpg 300w\" sizes=\"auto, (max-width: 417px) 100vw, 417px\" \/><\/figure>\n<\/figure>\n<\/div>\n\n\n\n<div class=\"wp-block-column is-vertically-aligned-center is-layout-flow wp-block-column-is-layout-flow\">\n<figure class=\"wp-block-gallery has-nested-images columns-default is-cropped wp-block-gallery-5 is-layout-flex wp-block-gallery-is-layout-flex\">\n<figure class=\"wp-block-image size-large\"><img alt=\"\" loading=\"lazy\" decoding=\"async\" width=\"310\" height=\"131\" src=\"https:\/\/lbtherm.com\/pl\/wp-content\/uploads\/sites\/3\/2025\/06\/logo_Ongropack.png\" alt=\"\" class=\"wp-image-757\" srcset=\"https:\/\/lbtherm.com\/pl\/wp-content\/uploads\/sites\/3\/2025\/06\/logo_Ongropack.png 310w, https:\/\/lbtherm.com\/pl\/wp-content\/uploads\/sites\/3\/2025\/06\/logo_Ongropack-300x127.png 300w\" sizes=\"auto, (max-width: 310px) 100vw, 310px\" \/><\/figure>\n<\/figure>\n<\/div>\n\n\n\n<div class=\"wp-block-column is-vertically-aligned-center is-layout-flow wp-block-column-is-layout-flow\">\n<figure class=\"wp-block-gallery has-nested-images columns-default is-cropped wp-block-gallery-6 is-layout-flex wp-block-gallery-is-layout-flex\">\n<figure class=\"wp-block-image size-large\"><img alt=\"\" loading=\"lazy\" decoding=\"async\" width=\"325\" height=\"101\" src=\"https:\/\/lbtherm.com\/pl\/wp-content\/uploads\/sites\/3\/2025\/06\/STREAMSOFT_LOGOTYP_RGB_KOLOR_POLE-OCHRONNE.jpg\" alt=\"\" class=\"wp-image-794\" srcset=\"https:\/\/lbtherm.com\/pl\/wp-content\/uploads\/sites\/3\/2025\/06\/STREAMSOFT_LOGOTYP_RGB_KOLOR_POLE-OCHRONNE.jpg 325w, https:\/\/lbtherm.com\/pl\/wp-content\/uploads\/sites\/3\/2025\/06\/STREAMSOFT_LOGOTYP_RGB_KOLOR_POLE-OCHRONNE-300x93.jpg 300w\" sizes=\"auto, (max-width: 325px) 100vw, 325px\" \/><\/figure>\n<\/figure>\n<\/div>\n\n\n\n<div class=\"wp-block-column is-vertically-aligned-center is-layout-flow wp-block-column-is-layout-flow\">\n<figure class=\"wp-block-gallery has-nested-images columns-default is-cropped wp-block-gallery-7 is-layout-flex wp-block-gallery-is-layout-flex\">\n<figure class=\"wp-block-image size-large\"><img alt=\"\" loading=\"lazy\" decoding=\"async\" width=\"460\" height=\"97\" src=\"https:\/\/lbtherm.com\/pl\/wp-content\/uploads\/sites\/3\/2025\/07\/lumatech.png\" alt=\"\" class=\"wp-image-905\" srcset=\"https:\/\/lbtherm.com\/pl\/wp-content\/uploads\/sites\/3\/2025\/07\/lumatech.png 460w, https:\/\/lbtherm.com\/pl\/wp-content\/uploads\/sites\/3\/2025\/07\/lumatech-300x63.png 300w\" sizes=\"auto, (max-width: 460px) 100vw, 460px\" \/><\/figure>\n<\/figure>\n<\/div>\n\n\n\n<div class=\"wp-block-column is-layout-flow wp-block-column-is-layout-flow\"><\/div>\n<\/div>\n\n\n\n<p><\/p>\n","protected":false},"excerpt":{"rendered":"<p>Wsp\u00f3\u0142praca to dla nas jeden z fundament\u00f3w d\u0142ugofalowego rozwoju. Od pocz\u0105tku dzia\u0142alno\u015bci stawiamy na budowanie relacji opartych na zaufaniu, profesjonalizmie i wsp\u00f3lnym d\u0105\u017ceniu do najwy\u017cszych standard\u00f3w. Nasze partnerstwa obejmuj\u0105 zar\u00f3wno dostawc\u00f3w surowc\u00f3w, jak i firmy technologiczne, dystrybutor\u00f3w, partner\u00f3w handlowych. Dzi\u0119ki tej szerokiej sieci wsp\u00f3\u0142pracy mo\u017cemy nie tylko gwarantowa\u0107 najwy\u017csz\u0105 jako\u015b\u0107 produkt\u00f3w, ale r\u00f3wnie\u017c elastycznie reagowa\u0107 [&hellip;]<\/p>\n","protected":false},"author":1,"featured_media":0,"parent":0,"menu_order":0,"comment_status":"closed","ping_status":"closed","template":"","meta":{"_acf_changed":false,"_seopress_robots_primary_cat":"","_seopress_titles_title":"","_seopress_titles_desc":"","_seopress_robots_index":"","inline_featured_image":false,"footnotes":""},"class_list":["post-747","page","type-page","status-publish","hentry"],"acf":[],"_links":{"self":[{"href":"https:\/\/lbtherm.com\/pl\/wp-json\/wp\/v2\/pages\/747","targetHints":{"allow":["GET"]}}],"collection":[{"href":"https:\/\/lbtherm.com\/pl\/wp-json\/wp\/v2\/pages"}],"about":[{"href":"https:\/\/lbtherm.com\/pl\/wp-json\/wp\/v2\/types\/page"}],"author":[{"embeddable":true,"href":"https:\/\/lbtherm.com\/pl\/wp-json\/wp\/v2\/users\/1"}],"replies":[{"embeddable":true,"href":"https:\/\/lbtherm.com\/pl\/wp-json\/wp\/v2\/comments?post=747"}],"version-history":[{"count":5,"href":"https:\/\/lbtherm.com\/pl\/wp-json\/wp\/v2\/pages\/747\/revisions"}],"predecessor-version":[{"id":906,"href":"https:\/\/lbtherm.com\/pl\/wp-json\/wp\/v2\/pages\/747\/revisions\/906"}],"wp:attachment":[{"href":"https:\/\/lbtherm.com\/pl\/wp-json\/wp\/v2\/media?parent=747"}],"curies":[{"name":"wp","href":"https:\/\/api.w.org\/{rel}","templated":true}]}}