{"id":834,"date":"2025-06-24T22:15:29","date_gmt":"2025-06-24T20:15:29","guid":{"rendered":"https:\/\/lbtherm.com\/pl\/?page_id=834"},"modified":"2026-03-18T08:29:26","modified_gmt":"2026-03-18T07:29:26","slug":"karty-techniczne","status":"publish","type":"page","link":"https:\/\/lbtherm.com\/pl\/do-pobrania\/karty-techniczne\/","title":{"rendered":"Karty techniczne"},"content":{"rendered":"\n<figure class=\"wp-block-table is-style-stripes\"><table class=\"has-fixed-layout\"><tbody><tr><td class=\"has-text-align-right\" data-align=\"right\">Karta produktowa p\u0142yta samoprzylepna Q TAPE<\/td><td class=\"has-text-align-center\" data-align=\"center\"><a href=\"https:\/\/lbtherm.com\/pl\/wp-content\/uploads\/sites\/3\/2025\/06\/LB_THERM_karta_produktowa_plyta_samoprzylepna_Q_TAPE.pdf\">Pobierz<\/a><\/td><\/tr><tr><td class=\"has-text-align-right\" data-align=\"right\">Karta produktowa plyta dekoracyjna HPL BIA\u0141Y<\/td><td class=\"has-text-align-center\" data-align=\"center\"><a href=\"https:\/\/lbtherm.com\/pl\/wp-content\/uploads\/sites\/3\/2025\/08\/LB_THERM_Karta_produktowa_plyta_dekoracyjna_HPL_BIALY.pdf\">Pobierz<\/a><\/td><\/tr><tr><td class=\"has-text-align-right\" data-align=\"right\">Karta u\u017cytkowania p\u0142yt<\/td><td class=\"has-text-align-center\" data-align=\"center\"><a href=\"https:\/\/lbtherm.com\/pl\/wp-content\/uploads\/sites\/3\/2025\/07\/KARTA-UZYTKOWANIA-PLYT-LB-THERM_30.06.2025.pdf\" data-type=\"link\" data-id=\"https:\/\/lbtherm.com\/pl\/wp-content\/uploads\/sites\/3\/2025\/06\/LB_THERM_Karta_uzytkowania_plyt.pdf\">Pobierz<\/a><\/td><\/tr><tr><td class=\"has-text-align-right\" data-align=\"right\">Karta produktowa p\u0142yta warstwowa PVC_XPS<\/td><td class=\"has-text-align-center\" data-align=\"center\"><a href=\"https:\/\/lbtherm.com\/pl\/wp-content\/uploads\/sites\/3\/2025\/06\/LB_THERM_Karta_produktowa_plyta_warstwowa_pvc_xps.pdf\" data-type=\"link\" data-id=\"https:\/\/lbtherm.com\/pl\/wp-content\/uploads\/sites\/3\/2025\/06\/LB_THERM_Karta_produktowa_plyta_warstwowa_pvc_xps.pdf\">Pobierz<\/a><\/td><\/tr><tr><td class=\"has-text-align-right\" data-align=\"right\">Karta produktowa p\u0142yta warstwowa PVC_PUR<\/td><td class=\"has-text-align-center\" data-align=\"center\"><a href=\"https:\/\/lbtherm.com\/pl\/wp-content\/uploads\/sites\/3\/2025\/10\/LB_THERM_Karta_produktowa_plyta_warstwowa_pvc_pur.pdf\" data-type=\"link\" data-id=\"https:\/\/lbtherm.com\/pl\/wp-content\/uploads\/sites\/3\/2025\/10\/LB_THERM_Karta_produktowa_plyta_warstwowa_pvc_pur.pdf\">Pobierz<\/a><\/td><\/tr><tr><td class=\"has-text-align-right\" data-align=\"right\">Karta produktowa p\u0142yta warstwowa HPL_XPS<\/td><td class=\"has-text-align-center\" data-align=\"center\"><a href=\"https:\/\/lbtherm.com\/pl\/wp-content\/uploads\/sites\/3\/2025\/06\/LB_THERM_Karta_produktowa_plyta_warstwowa_hpl_xps_hpl.pdf\">Pobierz<\/a><\/td><\/tr><tr><td class=\"has-text-align-right\" data-align=\"right\">Karta produktowa p\u0142yta dekoracyjna HPL MASSIVE<\/td><td class=\"has-text-align-center\" data-align=\"center\"><a href=\"https:\/\/lbtherm.com\/pl\/wp-content\/uploads\/sites\/3\/2025\/06\/LB_THERM_Karta_produktowa_plyta_warstwowa_hpl_xps_hpl.pdf\">Pobierz<\/a><\/td><\/tr><tr><td class=\"has-text-align-right\" data-align=\"right\">Karta produktowa p\u0142yta samoprzylepna Q TAPE<\/td><td class=\"has-text-align-center\" data-align=\"center\"><a href=\"https:\/\/lbtherm.com\/pl\/wp-content\/uploads\/sites\/3\/2025\/08\/LB_THERM_karta_produktowa_plyta_samoprzylepna_Q_TAPE.pdf\">Pobierz<\/a><\/td><\/tr><tr><td class=\"has-text-align-right\" data-align=\"right\">Karta produktowa p\u0142yta warstwowa AKUSTYCZNA<\/td><td class=\"has-text-align-center\" data-align=\"center\"><a href=\"https:\/\/lbtherm.com\/pl\/wp-content\/uploads\/sites\/3\/2025\/06\/LB_THERM_Karta_produktowa_plyta_warstwowa_AKUSTYCZNA.pdf\">Pobierz<\/a><\/td><\/tr><tr><td class=\"has-text-align-right\" data-align=\"right\">Karta produktowa p\u0142yta warstwowa ALUMINIUM<\/td><td class=\"has-text-align-center\" data-align=\"center\"><a href=\"https:\/\/lbtherm.com\/pl\/wp-content\/uploads\/sites\/3\/2025\/06\/LB_THERM_Karta_produktowa_plyta_warstwowa_ALUMINIUM.pdf\">Pobierz<\/a><\/td><\/tr><tr><td class=\"has-text-align-right\" data-align=\"right\">Karta produktowa p\u0142yta warstwowa HPL<\/td><td class=\"has-text-align-center\" data-align=\"center\"><a href=\"https:\/\/lbtherm.com\/pl\/wp-content\/uploads\/sites\/3\/2025\/06\/LB_THERM_Karta_produktowa_plyta_warstwowa_HPL.pdf\">Pobierz<\/a><\/td><\/tr><tr><td class=\"has-text-align-right\" data-align=\"right\">Karta produktowa p\u0142yta warstwowa HPL_PUR<\/td><td class=\"has-text-align-center\" data-align=\"center\"><a href=\"https:\/\/lbtherm.com\/pl\/wp-content\/uploads\/sites\/3\/2025\/10\/LB_THERM_Karta_produktowa_plyta_warstwowa_HPL_PUR.pdf\" data-type=\"link\" data-id=\"https:\/\/lbtherm.com\/pl\/wp-content\/uploads\/sites\/3\/2025\/10\/LB_THERM_Karta_produktowa_plyta_warstwowa_HPL_PUR.pdf\">Pobierz<\/a><\/td><\/tr><tr><td class=\"has-text-align-right\" data-align=\"right\">Karta produktowa p\u0142yta warstwowa PVC<\/td><td class=\"has-text-align-center\" data-align=\"center\"><a href=\"https:\/\/lbtherm.com\/pl\/wp-content\/uploads\/sites\/3\/2025\/06\/LB_THERM_Karta_produktowa_plyta_warstwowa_PVC.pdf\">Pobierz<\/a><\/td><\/tr><tr><td class=\"has-text-align-right\" data-align=\"right\">Karta produktowa p\u0142yta warstwowa PVC SPIENIONE<\/td><td class=\"has-text-align-center\" data-align=\"center\"><a href=\"https:\/\/lbtherm.com\/pl\/wp-content\/uploads\/sites\/3\/2025\/06\/LB_THERM_Karta_produktowa_plyta_warstwowa_PVC_SPIENIONE.pdf\">Pobierz<\/a><\/td><\/tr><tr><td class=\"has-text-align-right\" data-align=\"right\">Karta produktowa p\u0142yta warstwowa SKLEJKA<\/td><td class=\"has-text-align-center\" data-align=\"center\"><a href=\"https:\/\/lbtherm.com\/pl\/wp-content\/uploads\/sites\/3\/2025\/06\/LB_THERM_Karta_produktowa_plyta_warstwowa_SKLEJKA.pdf\">Pobierz<\/a><\/td><\/tr><tr><td class=\"has-text-align-right\" data-align=\"right\">Karta produktowa p\u0142yta warstwowa STAL<\/td><td class=\"has-text-align-center\" data-align=\"center\"><a href=\"https:\/\/lbtherm.com\/pl\/wp-content\/uploads\/sites\/3\/2026\/01\/LB_THERM_Karta_produktowa_plyta_warstwowa_STAL_27.01.2026.pdf\">Pobierz<\/a><\/td><\/tr><tr><td class=\"has-text-align-right\" data-align=\"right\">Karta produktowa p\u0142yta warstwowa Z PRZEK\u0141ADK\u0104 ALUMINIUM<\/td><td class=\"has-text-align-center\" data-align=\"center\"><a href=\"https:\/\/lbtherm.com\/pl\/wp-content\/uploads\/sites\/3\/2025\/06\/LB_THERM_Karta_produktowa_plyta_warstwowa_Z_PRZEKLADKA_ALUMINIUM.pdf\">Pobierz<\/a><\/td><\/tr><tr><td class=\"has-text-align-right\" data-align=\"right\">Karta produktowa p\u0142yta dekoracyjna HPL STANDARD<\/td><td class=\"has-text-align-center\" data-align=\"center\"><a href=\"https:\/\/lbtherm.com\/pl\/wp-content\/uploads\/sites\/3\/2025\/06\/LB_THERM_Karta_produktowa_plyta_dekoracyjna_HPL_STANDARD.pdf\">Pobierz<\/a><\/td><\/tr><tr><td class=\"has-text-align-right\" data-align=\"right\">Karta produktowa p\u0142yta warstwowa GFK STANDARD<\/td><td class=\"has-text-align-center\" data-align=\"center\"><a href=\"https:\/\/lbtherm.com\/pl\/wp-content\/uploads\/sites\/3\/2026\/03\/LB_THERM_KT_GFK-STANDARD.pdf\">Pobierz<\/a><\/td><\/tr><tr><td class=\"has-text-align-right\" data-align=\"right\">Karta produktowa p\u0142yta warstwowa GFK GLOSS<\/td><td class=\"has-text-align-center\" data-align=\"center\"><a href=\"https:\/\/lbtherm.com\/pl\/wp-content\/uploads\/sites\/3\/2026\/03\/LB_THERM_KT_GFK-GLOSS.pdf\">Pobierz<\/a><\/td><\/tr><tr><td class=\"has-text-align-right\" data-align=\"right\">Karta produktowa p\u0142yta warstwowa z PRZEK\u0141ADK\u0104 PVC SPIENIONE<\/td><td class=\"has-text-align-center\" data-align=\"center\"><a href=\"https:\/\/lbtherm.com\/pl\/wp-content\/uploads\/sites\/3\/2026\/03\/LB_THERM_Karta_produktowa_plyta_warstwowa_HPL_XPS-z-PRZEKLADKA_PVC_SPIENIONE.pdf\">Pobierz<\/a><\/td><\/tr><\/tbody><\/table><\/figure>\n\n\n\n<p><\/p>\n\n\n\n<p><\/p>\n\n\n\n<p><\/p>\n","protected":false},"excerpt":{"rendered":"<p>Karta produktowa p\u0142yta samoprzylepna Q TAPE Pobierz Karta produktowa plyta dekoracyjna HPL BIA\u0141Y Pobierz Karta u\u017cytkowania p\u0142yt Pobierz Karta produktowa p\u0142yta warstwowa PVC_XPS Pobierz Karta produktowa p\u0142yta warstwowa PVC_PUR Pobierz Karta produktowa p\u0142yta warstwowa HPL_XPS Pobierz Karta produktowa p\u0142yta dekoracyjna HPL MASSIVE Pobierz Karta produktowa p\u0142yta samoprzylepna Q TAPE Pobierz Karta produktowa p\u0142yta warstwowa AKUSTYCZNA [&hellip;]<\/p>\n","protected":false},"author":1,"featured_media":0,"parent":826,"menu_order":0,"comment_status":"closed","ping_status":"closed","template":"","meta":{"_acf_changed":false,"_seopress_robots_primary_cat":"","_seopress_titles_title":"","_seopress_titles_desc":"","_seopress_robots_index":"","inline_featured_image":false,"footnotes":""},"class_list":["post-834","page","type-page","status-publish","hentry"],"acf":[],"_links":{"self":[{"href":"https:\/\/lbtherm.com\/pl\/wp-json\/wp\/v2\/pages\/834","targetHints":{"allow":["GET"]}}],"collection":[{"href":"https:\/\/lbtherm.com\/pl\/wp-json\/wp\/v2\/pages"}],"about":[{"href":"https:\/\/lbtherm.com\/pl\/wp-json\/wp\/v2\/types\/page"}],"author":[{"embeddable":true,"href":"https:\/\/lbtherm.com\/pl\/wp-json\/wp\/v2\/users\/1"}],"replies":[{"embeddable":true,"href":"https:\/\/lbtherm.com\/pl\/wp-json\/wp\/v2\/comments?post=834"}],"version-history":[{"count":23,"href":"https:\/\/lbtherm.com\/pl\/wp-json\/wp\/v2\/pages\/834\/revisions"}],"predecessor-version":[{"id":1059,"href":"https:\/\/lbtherm.com\/pl\/wp-json\/wp\/v2\/pages\/834\/revisions\/1059"}],"up":[{"embeddable":true,"href":"https:\/\/lbtherm.com\/pl\/wp-json\/wp\/v2\/pages\/826"}],"wp:attachment":[{"href":"https:\/\/lbtherm.com\/pl\/wp-json\/wp\/v2\/media?parent=834"}],"curies":[{"name":"wp","href":"https:\/\/api.w.org\/{rel}","templated":true}]}}