{"id":880,"date":"2025-06-29T20:15:17","date_gmt":"2025-06-29T18:15:17","guid":{"rendered":"https:\/\/lbtherm.com\/pl\/?page_id=880"},"modified":"2026-04-13T12:56:44","modified_gmt":"2026-04-13T10:56:44","slug":"katalogi","status":"publish","type":"page","link":"https:\/\/lbtherm.com\/pl\/do-pobrania\/katalogi\/","title":{"rendered":"Katalogi"},"content":{"rendered":"\n<figure class=\"wp-block-table is-style-stripes\"><table class=\"has-fixed-layout\"><tbody><tr><td class=\"has-text-align-right\" data-align=\"right\">Katalog produkt\u00f3w 2026<\/td><td class=\"has-text-align-center\" data-align=\"center\"><a href=\"https:\/\/lbtherm.com\/pl\/wp-content\/uploads\/sites\/3\/2026\/03\/LB-THERM-CATALOUGE_web.pdf\">Pobierz<\/a><\/td><\/tr><tr><td class=\"has-text-align-right\" data-align=\"right\">New_ Ulotka produktowa HPL FLEXSTAB<\/td><td class=\"has-text-align-center\" data-align=\"center\"><a href=\"https:\/\/lbtherm.com\/pl\/wp-content\/uploads\/sites\/3\/2026\/04\/LB-THERM_HPL-FLEXSTAB.pdf\">Pobierz<\/a><\/td><\/tr><tr><td class=\"has-text-align-right\" data-align=\"right\">Katalog produkt\u00f3w 2025<\/td><td class=\"has-text-align-center\" data-align=\"center\"><a href=\"https:\/\/lbtherm.com\/pl\/wp-content\/uploads\/sites\/3\/2025\/06\/LB_THERM_katalog-produktowy.pdf\">Pobierz<\/a><\/td><\/tr><tr><td class=\"has-text-align-right\" data-align=\"right\">Ulotka produktowa<\/td><td class=\"has-text-align-center\" data-align=\"center\"><a href=\"https:\/\/lbtherm.com\/pl\/wp-content\/uploads\/sites\/3\/2025\/08\/LB-THERM-PL.pdf\" data-type=\"link\" data-id=\"https:\/\/lbtherm.com\/pl\/wp-content\/uploads\/sites\/3\/2025\/08\/LB-THERM-PL.pdf\">Pobierz<\/a><\/td><\/tr><\/tbody><\/table><\/figure>\n\n\n\n<p><a href=\"https:\/\/www.deepl.com\/pl\/translator#pl\/en-us\/wprowadzenie%20nowego%20produktu%20na%20rynek%0A\">T\u0142umacz DeepL &#8211; najlepszy translator na \u015bwiecie<\/a><\/p>\n\n\n\n<p><\/p>\n","protected":false},"excerpt":{"rendered":"<p>Katalog produkt\u00f3w 2026 Pobierz New_ Ulotka produktowa HPL FLEXSTAB Pobierz Katalog produkt\u00f3w 2025 Pobierz Ulotka produktowa Pobierz T\u0142umacz DeepL &#8211; najlepszy translator na \u015bwiecie<\/p>\n","protected":false},"author":1,"featured_media":0,"parent":826,"menu_order":0,"comment_status":"closed","ping_status":"closed","template":"","meta":{"_acf_changed":false,"_seopress_robots_primary_cat":"","_seopress_titles_title":"","_seopress_titles_desc":"","_seopress_robots_index":"","inline_featured_image":false,"footnotes":""},"class_list":["post-880","page","type-page","status-publish","hentry"],"acf":[],"_links":{"self":[{"href":"https:\/\/lbtherm.com\/pl\/wp-json\/wp\/v2\/pages\/880","targetHints":{"allow":["GET"]}}],"collection":[{"href":"https:\/\/lbtherm.com\/pl\/wp-json\/wp\/v2\/pages"}],"about":[{"href":"https:\/\/lbtherm.com\/pl\/wp-json\/wp\/v2\/types\/page"}],"author":[{"embeddable":true,"href":"https:\/\/lbtherm.com\/pl\/wp-json\/wp\/v2\/users\/1"}],"replies":[{"embeddable":true,"href":"https:\/\/lbtherm.com\/pl\/wp-json\/wp\/v2\/comments?post=880"}],"version-history":[{"count":6,"href":"https:\/\/lbtherm.com\/pl\/wp-json\/wp\/v2\/pages\/880\/revisions"}],"predecessor-version":[{"id":1075,"href":"https:\/\/lbtherm.com\/pl\/wp-json\/wp\/v2\/pages\/880\/revisions\/1075"}],"up":[{"embeddable":true,"href":"https:\/\/lbtherm.com\/pl\/wp-json\/wp\/v2\/pages\/826"}],"wp:attachment":[{"href":"https:\/\/lbtherm.com\/pl\/wp-json\/wp\/v2\/media?parent=880"}],"curies":[{"name":"wp","href":"https:\/\/api.w.org\/{rel}","templated":true}]}}