{"id":886,"date":"2025-06-29T20:21:44","date_gmt":"2025-06-29T18:21:44","guid":{"rendered":"https:\/\/lbtherm.com\/pl\/?page_id=886"},"modified":"2026-01-16T13:03:33","modified_gmt":"2026-01-16T12:03:33","slug":"certyfikaty","status":"publish","type":"page","link":"https:\/\/lbtherm.com\/pl\/do-pobrania\/certyfikaty\/","title":{"rendered":"Certyfikaty"},"content":{"rendered":"\n<figure class=\"wp-block-table is-style-stripes\"><table class=\"has-fixed-layout\"><tbody><tr><td class=\"has-text-align-right\" data-align=\"right\">Atest higieniczny &#8211; p\u0142yta PVC<\/td><td class=\"has-text-align-center\" data-align=\"center\"><a href=\"https:\/\/lbtherm.com\/pl\/wp-content\/uploads\/sites\/3\/2026\/01\/Atest-higieniczny_PVC_2026.pdf\">Pobierz<\/a><\/td><\/tr><\/tbody><\/table><\/figure>\n\n\n\n<figure class=\"wp-block-table is-style-stripes\"><table class=\"has-fixed-layout\"><tbody><tr><td class=\"has-text-align-right\" data-align=\"right\">Atest higieniczny &#8211; p\u0142yta z foli\u0105 Q-Tape<\/td><td class=\"has-text-align-center\" data-align=\"center\"><a href=\"https:\/\/lbtherm.com\/pl\/wp-content\/uploads\/sites\/3\/2026\/01\/Atest-higieniczny_Q-Tape_2026.pdf\">Pobierz<\/a><\/td><\/tr><\/tbody><\/table><\/figure>\n\n\n\n<p><\/p>\n","protected":false},"excerpt":{"rendered":"<p>Atest higieniczny &#8211; p\u0142yta PVC Pobierz Atest higieniczny &#8211; p\u0142yta z foli\u0105 Q-Tape Pobierz<\/p>\n","protected":false},"author":1,"featured_media":0,"parent":826,"menu_order":0,"comment_status":"closed","ping_status":"closed","template":"","meta":{"_acf_changed":false,"_seopress_robots_primary_cat":"","_seopress_titles_title":"","_seopress_titles_desc":"","_seopress_robots_index":"","inline_featured_image":false,"footnotes":""},"class_list":["post-886","page","type-page","status-publish","hentry"],"acf":[],"_links":{"self":[{"href":"https:\/\/lbtherm.com\/pl\/wp-json\/wp\/v2\/pages\/886","targetHints":{"allow":["GET"]}}],"collection":[{"href":"https:\/\/lbtherm.com\/pl\/wp-json\/wp\/v2\/pages"}],"about":[{"href":"https:\/\/lbtherm.com\/pl\/wp-json\/wp\/v2\/types\/page"}],"author":[{"embeddable":true,"href":"https:\/\/lbtherm.com\/pl\/wp-json\/wp\/v2\/users\/1"}],"replies":[{"embeddable":true,"href":"https:\/\/lbtherm.com\/pl\/wp-json\/wp\/v2\/comments?post=886"}],"version-history":[{"count":4,"href":"https:\/\/lbtherm.com\/pl\/wp-json\/wp\/v2\/pages\/886\/revisions"}],"predecessor-version":[{"id":1011,"href":"https:\/\/lbtherm.com\/pl\/wp-json\/wp\/v2\/pages\/886\/revisions\/1011"}],"up":[{"embeddable":true,"href":"https:\/\/lbtherm.com\/pl\/wp-json\/wp\/v2\/pages\/826"}],"wp:attachment":[{"href":"https:\/\/lbtherm.com\/pl\/wp-json\/wp\/v2\/media?parent=886"}],"curies":[{"name":"wp","href":"https:\/\/api.w.org\/{rel}","templated":true}]}}