{"id":378,"date":"2025-04-20T07:59:39","date_gmt":"2025-04-20T05:59:39","guid":{"rendered":"https:\/\/lbtherm.com\/?post_type=product&#038;p=148"},"modified":"2026-03-24T09:12:55","modified_gmt":"2026-03-24T08:12:55","slug":"plyta-warstwowa-standard-z-przekladka-aluminium","status":"publish","type":"product","link":"https:\/\/lbtherm.com\/pl\/p\/plyta-warstwowa-standard-z-przekladka-aluminium\/","title":{"rendered":"P\u0142yta Warstwowa Wzmocniona z Przek\u0142adk\u0105 ALUMINIUM"},"content":{"rendered":"","protected":false},"featured_media":348,"template":"","product_category":[10,6],"class_list":["post-378","product","type-product","status-publish","has-post-thumbnail","hentry","product_category-plyty-warstwowe-specjalistyczne","product_category-stolarka-okienno-drzwiowa"],"acf":[],"_links":{"self":[{"href":"https:\/\/lbtherm.com\/pl\/wp-json\/wp\/v2\/product\/378","targetHints":{"allow":["GET"]}}],"collection":[{"href":"https:\/\/lbtherm.com\/pl\/wp-json\/wp\/v2\/product"}],"about":[{"href":"https:\/\/lbtherm.com\/pl\/wp-json\/wp\/v2\/types\/product"}],"wp:featuredmedia":[{"embeddable":true,"href":"https:\/\/lbtherm.com\/pl\/wp-json\/wp\/v2\/media\/348"}],"wp:attachment":[{"href":"https:\/\/lbtherm.com\/pl\/wp-json\/wp\/v2\/media?parent=378"}],"wp:term":[{"taxonomy":"product_category","embeddable":true,"href":"https:\/\/lbtherm.com\/pl\/wp-json\/wp\/v2\/product_category?post=378"}],"curies":[{"name":"wp","href":"https:\/\/api.w.org\/{rel}","templated":true}]}}