{"id":384,"date":"2025-04-20T08:14:46","date_gmt":"2025-04-20T06:14:46","guid":{"rendered":"https:\/\/lbtherm.com\/?post_type=product&#038;p=154"},"modified":"2025-07-21T12:20:43","modified_gmt":"2025-07-21T10:20:43","slug":"hpl-laminowany-compact","status":"publish","type":"product","link":"https:\/\/lbtherm.com\/pl\/p\/hpl-laminowany-compact\/","title":{"rendered":"HPL Massive"},"content":{"rendered":"\n<p><strong>Postaw na trwa\u0142o\u015b\u0107 i jako\u015b\u0107! Skontaktuj si\u0119 z nami i dobierz idealne rozwi\u0105zanie.<\/strong><\/p>\n\n\n\n<p><\/p>\n","protected":false},"featured_media":338,"template":"","product_category":[9,12,6],"class_list":["post-384","product","type-product","status-publish","has-post-thumbnail","hentry","product_category-branza-budowlana","product_category-plyty-laminowane-dekoracyjne","product_category-stolarka-okienno-drzwiowa"],"acf":[],"_links":{"self":[{"href":"https:\/\/lbtherm.com\/pl\/wp-json\/wp\/v2\/product\/384","targetHints":{"allow":["GET"]}}],"collection":[{"href":"https:\/\/lbtherm.com\/pl\/wp-json\/wp\/v2\/product"}],"about":[{"href":"https:\/\/lbtherm.com\/pl\/wp-json\/wp\/v2\/types\/product"}],"wp:featuredmedia":[{"embeddable":true,"href":"https:\/\/lbtherm.com\/pl\/wp-json\/wp\/v2\/media\/338"}],"wp:attachment":[{"href":"https:\/\/lbtherm.com\/pl\/wp-json\/wp\/v2\/media?parent=384"}],"wp:term":[{"taxonomy":"product_category","embeddable":true,"href":"https:\/\/lbtherm.com\/pl\/wp-json\/wp\/v2\/product_category?post=384"}],"curies":[{"name":"wp","href":"https:\/\/api.w.org\/{rel}","templated":true}]}}